{"id":69,"date":"2019-01-28T10:44:37","date_gmt":"2019-01-28T09:44:37","guid":{"rendered":"https:\/\/digitalix.se\/?page_id=69"},"modified":"2022-07-21T19:41:08","modified_gmt":"2022-07-21T17:41:08","slug":"digitalix","status":"publish","type":"page","link":"https:\/\/digitalix.se\/fr\/","title":{"rendered":"Digitalix"},"content":{"rendered":"<p>[et_pb_section fb_built=\u00a0\u00bb1&Prime; fullwidth=\u00a0\u00bbon\u00a0\u00bb _builder_version=\u00a0\u00bb4.16&Prime; global_colors_info=\u00a0\u00bb{}\u00a0\u00bb][et_pb_fullwidth_slider show_arrows=\u00a0\u00bboff\u00a0\u00bb show_pagination=\u00a0\u00bboff\u00a0\u00bb admin_label=\u00a0\u00bbImage top\u00a0\u00bb _builder_version=\u00a0\u00bb4.16&Prime; header_font=\u00a0\u00bb|600|||||||\u00a0\u00bb header_text_align=\u00a0\u00bbleft\u00a0\u00bb header_font_size=\u00a0\u00bb43&Prime; text_orientation=\u00a0\u00bbleft\u00a0\u00bb text_shadow_style=\u00a0\u00bbpreset1&Prime; global_colors_info=\u00a0\u00bb{}\u00a0\u00bb][et_pb_slide heading=\u00a0\u00bbDigitalix redovisningsbyr\u00e5\u00a0\u00bb use_bg_overlay=\u00a0\u00bboff\u00a0\u00bb use_text_overlay=\u00a0\u00bboff\u00a0\u00bb _builder_version=\u00a0\u00bb4.16&Prime; header_level=\u00a0\u00bbh1&Prime; header_font=\u00a0\u00bb|700|||||||\u00a0\u00bb background_color=\u00a0\u00bb#7EBEC5&Prime; background_image=\u00a0\u00bbhttps:\/\/digitalix.se\/wp-content\/uploads\/2018\/12\/digitalix-header.jpg\u00a0\u00bb button_on_hover=\u00a0\u00bbon\u00a0\u00bb text_shadow_style=\u00a0\u00bbpreset1&Prime; global_colors_info=\u00a0\u00bb{}\u00a0\u00bb sticky_transition=\u00a0\u00bbon\u00a0\u00bb]<\/p>\n<p><span style=\"background-color: #1983b1; padding: 2px 7px 3px 7px; position: absolute; right: 15px; top: 15px;\">Prix forfaitaire<\/span><\/p>\n<p>[\/et_pb_slide][\/et_pb_fullwidth_slider][\/et_pb_section][et_pb_section fb_built=\u00a0\u00bb1&Prime; _builder_version=\u00a0\u00bb4.16&Prime; global_colors_info=\u00a0\u00bb{}\u00a0\u00bb][et_pb_row column_structure=\u00a0\u00bb3_5,2_5&Prime; _builder_version=\u00a0\u00bb4.16&Prime; background_size=\u00a0\u00bbinitial\u00a0\u00bb background_position=\u00a0\u00bbtop_left\u00a0\u00bb background_repeat=\u00a0\u00bbrepeat\u00a0\u00bb global_colors_info=\u00a0\u00bb{}\u00a0\u00bb][et_pb_column type=\u00a0\u00bb3_5&Prime; _builder_version=\u00a0\u00bb4.16&Prime; custom_padding=\u00a0\u00bb|||\u00a0\u00bb global_colors_info=\u00a0\u00bb{}\u00a0\u00bb custom_padding__hover=\u00a0\u00bb|||\u00a0\u00bb][et_pb_text admin_label=\u00a0\u00bbintro\u00a0\u00bb module_id=\u00a0\u00bbservices\u00a0\u00bb _builder_version=\u00a0\u00bb4.17.6&Prime; hover_enabled=\u00a0\u00bb0&Prime; global_colors_info=\u00a0\u00bb{}\u00a0\u00bb sticky_enabled=\u00a0\u00bb0&Prime;]<\/p>\n<h1>Digitalix<\/h1>\n<p>Un cabinet d\u2019expertise comptable su\u00e9dois qui :<\/p>\n<ul>\n<li>Est actif sur <b>toute la Su\u00e8de<\/b><\/li>\n<li>Travaille \u00e0 <strong>plus de<\/strong>\u00a0<strong>50%<\/strong> pour des clients fran\u00e7ais install\u00e9s en Su\u00e8de<\/li>\n<li>S\u2019adresse aux entreprises de tous types : <strong>aktiebolag<\/strong>, <strong>enskild firma, &#8230;<\/strong><\/li>\n<li>Utilise les outils les plus performants disponibles sur le march\u00e9<\/li>\n<li>Propose un large \u00e9ventail de prestations : <strong>comptabilit\u00e9 courante, arr\u00eat\u00e9 des comptes, d\u00e9clarations sociales et fiscales, conseil, liquidation<\/strong><\/li>\n<\/ul>\n<p>[\/et_pb_text][et_pb_text admin_label=\u00a0\u00bbquestions vous posez\u00a0\u00bb module_id=\u00a0\u00bbquestions\u00a0\u00bb _builder_version=\u00a0\u00bb4.16&Prime; global_colors_info=\u00a0\u00bb{}\u00a0\u00bb]<\/p>\n<p><em>Les questions que vous vous posez si<\/em><\/p>\n<h3>Vous souhaitez cr\u00e9er une entreprise\u00a0en Su\u00e8de :<\/h3>\n<ul>\n<li>Comment cr\u00e9er ma soci\u00e9t\u00e9 ? Quelles sont les <strong>proc\u00e9dures d\u2019enregistrement<\/strong> ?<\/li>\n<li>Quelle est la forme d&rsquo;entreprise la mieux adapt\u00e9e \u00e0 ma probl\u00e9matique :\u00a0<strong>aktiebolag &#8211; enskild firma &#8211; handelsbolag\u00a0<\/strong>?\u00a0<\/li>\n<li>Quelle m\u00e9thode de facturation utiliser : <strong>Kontantmetoden ou faktureringsmetoden<\/strong> ?<\/li>\n<li>Comment fonctionne la <strong>fiscalit\u00e9 su\u00e9doise<\/strong> ? Comment en tirer parti ?<\/li>\n<li>Quels sont les <strong>taux d\u2019imposition<\/strong> et de charges sociales ?<\/li>\n<li>Que choisir : <strong>dividende et\/ou salaire<\/strong> ?<\/li>\n<li>Comment fonctionne la niche du \u00ab\u00a0<strong>Periodiseringsfond<\/strong>\u00a0\u00bb ?<\/li>\n<li>Comment fonctionne la <strong>TVA<\/strong>, en particulier quand on commerce avec d&rsquo;autres pays de l&rsquo;UE ?<\/li>\n<li>Ai-je int\u00e9r\u00eat \u00e0 d\u00e9clarer la TVA <strong>tous les trois mois ou une fois par an<\/strong> ?<\/li>\n<li>Qu&rsquo;est-ce qui est <strong>d\u00e9ductible<\/strong>, qu&rsquo;est-ce qui ne l&rsquo;est pas ?<\/li>\n<\/ul>\n<p><strong>A toutes ces questions (et \u00e0 beaucoup d\u2019autres), Digitalix apporte une r\u00e9ponse adapt\u00e9e.<\/strong><\/p>\n<p>[\/et_pb_text][\/et_pb_column][et_pb_column type=\u00a0\u00bb2_5&Prime; _builder_version=\u00a0\u00bb4.16&Prime; custom_padding=\u00a0\u00bb|||\u00a0\u00bb global_colors_info=\u00a0\u00bb{}\u00a0\u00bb custom_padding__hover=\u00a0\u00bb|||\u00a0\u00bb][et_pb_text _builder_version=\u00a0\u00bb4.16&Prime; custom_margin=\u00a0\u00bb||-30px|\u00a0\u00bb global_colors_info=\u00a0\u00bb{}\u00a0\u00bb]<\/p>\n<h3><strong>Notre newsletter<\/strong> :<\/h3>\n<p>Les particularit\u00e9s fiscales su\u00e9doises, les nouveaut\u00e9s comptables et fiscales, les tuyaux&#8230;<\/p>\n<p>\u00a0<\/p>\n<p>[\/et_pb_text][et_pb_code _builder_version=\u00a0\u00bb4.16&Prime; global_colors_info=\u00a0\u00bb{}\u00a0\u00bb]<!-- Begin Mailchimp Signup Form --><!-- [et_pb_line_break_holder] --><link href=\"\/\/cdn-images.mailchimp.com\/embedcode\/classic-10_7.css\" rel=\"stylesheet\" type=\"text\/css\"><!-- [et_pb_line_break_holder] --><\/p>\n<style type=\"text\/css\"><!-- [et_pb_line_break_holder] -->\t#mc_embed_signup{background:#fff; clear:left; font:14px Helvetica,Arial,sans-serif; }<!-- [et_pb_line_break_holder] -->\t\/* Add your own Mailchimp form style overrides in your site stylesheet or in this style block.<!-- [et_pb_line_break_holder] -->\t   We recommend moving this block and the preceding CSS link to the HEAD of your HTML file. *\/<!-- [et_pb_line_break_holder] --><\/style>\n<p><!-- [et_pb_line_break_holder] --><\/p>\n<div id=\"mc_embed_signup\"><!-- [et_pb_line_break_holder] --><\/p>\n<form action=\"https:\/\/gmail.us4.list-manage.com\/subscribe\/post?u=61039e69bc5726366c1871908&#038;id=cd48466504\" method=\"post\" id=\"mc-embedded-subscribe-form\" name=\"mc-embedded-subscribe-form\" class=\"validate\" target=\"_blank\" novalidate><!-- [et_pb_line_break_holder] -->    <\/p>\n<div id=\"mc_embed_signup_scroll\"><!-- [et_pb_line_break_holder] -->\t<\/p>\n<h2>Je m&rsquo;abonne<\/h2>\n<p><!-- [et_pb_line_break_holder] --><\/p>\n<div class=\"indicates-required\"><span class=\"asterisk\">*<\/span> requis<\/div>\n<p><!-- [et_pb_line_break_holder] --><\/p>\n<div class=\"mc-field-group\"><!-- [et_pb_line_break_holder] -->\t<label for=\"mce-EMAIL\">Email<span class=\"asterisk\">*<\/span><!-- [et_pb_line_break_holder] --><\/label><!-- [et_pb_line_break_holder] -->\t<input type=\"email\" value=\"\" name=\"EMAIL\" class=\"required email\" id=\"mce-EMAIL\"><!-- [et_pb_line_break_holder] --><\/div>\n<p><!-- [et_pb_line_break_holder] -->\t<\/p>\n<div id=\"mce-responses\" class=\"clear\"><!-- [et_pb_line_break_holder] -->\t\t<\/p>\n<div class=\"response\" id=\"mce-error-response\" style=\"display:none\"><\/div>\n<p><!-- [et_pb_line_break_holder] -->\t\t<\/p>\n<div class=\"response\" id=\"mce-success-response\" style=\"display:none\"><\/div>\n<p><!-- [et_pb_line_break_holder] -->\t<\/div>\n<p>    <!-- real people should not fill this in and expect good things - do not remove this or risk form bot signups--><!-- [et_pb_line_break_holder] -->    <\/p>\n<div style=\"position: absolute; left: -5000px;\" aria-hidden=\"true\"><input type=\"text\" name=\"b_61039e69bc5726366c1871908_cd48466504\" tabindex=\"-1\" value=\"\"><\/div>\n<p><!-- [et_pb_line_break_holder] -->    <\/p>\n<div class=\"clear\"><input type=\"submit\" value=\"Envoyer\" name=\"subscribe\" id=\"mc-embedded-subscribe\" class=\"button\"><\/div>\n<p><!-- [et_pb_line_break_holder] -->    <\/div>\n<p><!-- [et_pb_line_break_holder] --><\/form>\n<p><!-- [et_pb_line_break_holder] --><\/div>\n<p><!-- [et_pb_line_break_holder] --><script type='text\/javascript' src='\/\/s3.amazonaws.com\/downloads.mailchimp.com\/js\/mc-validate.js'><\/script><script type='text\/javascript'>(function($) {window.fnames = new Array(); window.ftypes = new Array();fnames[0]='EMAIL';ftypes[0]='email';fnames[1]='FNAME';ftypes[1]='text';fnames[2]='LNAME';ftypes[2]='text';fnames[3]='ADDRESS';ftypes[3]='address';fnames[4]='PHONE';ftypes[4]='phone';fnames[5]='BIRTHDAY';ftypes[5]='birthday';}(jQuery));var $mcj = jQuery.noConflict(true);<\/script><!-- [et_pb_line_break_holder] --><!--End mc_embed_signup-->[\/et_pb_code][\/et_pb_column][\/et_pb_row][\/et_pb_section][et_pb_section fb_built=\u00a0\u00bb1&Prime; _builder_version=\u00a0\u00bb4.16&Prime; background_color=\u00a0\u00bb#e0e0e0&Prime; global_colors_info=\u00a0\u00bb{}\u00a0\u00bb][et_pb_row column_structure=\u00a0\u00bb1_2,1_2&Prime; _builder_version=\u00a0\u00bb4.16&Prime; background_color=\u00a0\u00bb#ffffff\u00a0\u00bb global_colors_info=\u00a0\u00bb{}\u00a0\u00bb][et_pb_column type=\u00a0\u00bb1_2&Prime; _builder_version=\u00a0\u00bb4.16&Prime; background_color=\u00a0\u00bb#ffffff\u00a0\u00bb custom_padding=\u00a0\u00bb20px||10px|20px\u00a0\u00bb global_colors_info=\u00a0\u00bb{}\u00a0\u00bb custom_padding__hover=\u00a0\u00bb|||\u00a0\u00bb][et_pb_text admin_label=\u00a0\u00bbparticularit\u00e9s\u00a0\u00bb module_id=\u00a0\u00bbparticularites\u00a0\u00bb _builder_version=\u00a0\u00bb4.16&Prime; global_colors_info=\u00a0\u00bb{}\u00a0\u00bb]<\/p>\n<h3>Particularit\u00e9s de la comptabilit\u00e9 et de la fiscalit\u00e9 en Su\u00e8de<\/h3>\n<p>A la fin des ann\u00e9es 80, la Su\u00e8de conna\u00eet une grave crise financi\u00e8re. Les Su\u00e9dois proc\u00e8dent alors \u00e0 des changements radicaux en mati\u00e8re d&rsquo;imp\u00f4ts. Cette r\u00e9volution fiscale, qui b\u00e9n\u00e9ficie d\u2019un large consensus politique, leur permet de disposer aujourd\u2019hui d\u2019<strong>une fiscalit\u00e9 moderne, bas\u00e9e sur des r\u00e8gles faciles \u00e0 comprendre et simples \u00e0 mettre en \u0153uvre, qui souffrent de peu d\u2019exceptions<\/strong>. <br \/>De plus, la Su\u00e8de et ses voisins scandinaves se situent \u00e0 la pointe de la r\u00e9volution digitale qui transforme l&rsquo;ensemble de la profession : moyens de paiement d\u00e9mat\u00e9rialis\u00e9s, programmes de comptabilit\u00e9 performants et compatibles, recouvrement efficace \u2026<\/p>\n<p>[\/et_pb_text][\/et_pb_column][et_pb_column type=\u00a0\u00bb1_2&Prime; _builder_version=\u00a0\u00bb4.16&Prime; background_color=\u00a0\u00bb#ffffff\u00a0\u00bb custom_padding=\u00a0\u00bb20px||10px|20px\u00a0\u00bb global_colors_info=\u00a0\u00bb{}\u00a0\u00bb custom_padding__hover=\u00a0\u00bb|||\u00a0\u00bb][et_pb_text admin_label=\u00a0\u00bbquelques points rep\u00e8re\u00a0\u00bb module_id=\u00a0\u00bbpoints\u00a0\u00bb _builder_version=\u00a0\u00bb4.17.6&Prime; global_colors_info=\u00a0\u00bb{}\u00a0\u00bb]<\/p>\n<h3>Quelques points de rep\u00e8re en mati\u00e8re fiscale :<\/h3>\n<ul>\n<li>Imp\u00f4t sur les soci\u00e9t\u00e9s : <strong>20,6%<\/strong><\/li>\n<li>Imp\u00f4t sur le capital : <strong>30%<\/strong> (proportionnel)<\/li>\n<li>TVA au taux normal de <strong>25%<\/strong> (plus 2 taux r\u00e9duits)<\/li>\n<li>Charges sociales et patronales : <strong>31,42%<\/strong> (plus si conventions collectives, moins pour un entrepreneur)<\/li>\n<li>Imp\u00f4t sur le revenu (progressif) :<br \/>&#8211; Jusqu\u2019\u00e0 environ 540 000 kr de revenu : environ <strong>32%<\/strong><br \/>&#8211; Au-del\u00e0 de 540 000 : <strong>+ 20%<\/strong> suppl\u00e9mentaires<\/li>\n<li>Pas d\u2019imp\u00f4t sur la fortune<\/li>\n<li>Pas d\u2019imp\u00f4t sur les successions<\/li>\n<li><strong>Frais de repr\u00e9sentation strictement encadr\u00e9s<\/strong><\/li>\n<\/ul>\n<p>[\/et_pb_text][\/et_pb_column][\/et_pb_row][\/et_pb_section][et_pb_section fb_built=\u00a0\u00bb1&Prime; _builder_version=\u00a0\u00bb4.16&Prime; global_colors_info=\u00a0\u00bb{}\u00a0\u00bb][et_pb_row _builder_version=\u00a0\u00bb4.16&Prime; background_color=\u00a0\u00bb#e8e8e8&Prime; global_colors_info=\u00a0\u00bb{}\u00a0\u00bb][et_pb_column type=\u00a0\u00bb4_4&Prime; _builder_version=\u00a0\u00bb4.16&Prime; custom_padding=\u00a0\u00bb|||\u00a0\u00bb global_colors_info=\u00a0\u00bb{}\u00a0\u00bb custom_padding__hover=\u00a0\u00bb|||\u00a0\u00bb][et_pb_text admin_label=\u00a0\u00bbcombien ca coute\u00a0\u00bb module_id=\u00a0\u00bbprix\u00a0\u00bb _builder_version=\u00a0\u00bb4.16&Prime; custom_padding=\u00a0\u00bb|||20px\u00a0\u00bb global_colors_info=\u00a0\u00bb{}\u00a0\u00bb]<\/p>\n<h3>Combien \u00e7a co\u00fbte ?<\/h3>\n<p>Fini les prestations factur\u00e9es au temps pass\u00e9, donc non ma\u00eetrisables. Nos clients connaissent tous \u00e0 l\u2019avance le co\u00fbt de la prestation :<br \/>gr\u00e2ce \u00e0 l\u2019utilisation combin\u00e9e et syst\u00e9matique des meilleurs outils disponibles sur le march\u00e9, Digitalix est \u00e0 m\u00eame de proposer des <strong>prix comp\u00e9titifs forfaitaires, sous forme d\u2019abonnement mensuel ou annuel<\/strong>.<\/p>\n<p>[\/et_pb_text][\/et_pb_column][\/et_pb_row][et_pb_row _builder_version=\u00a0\u00bb4.16&Prime; background_size=\u00a0\u00bbinitial\u00a0\u00bb background_position=\u00a0\u00bbtop_left\u00a0\u00bb background_repeat=\u00a0\u00bbrepeat\u00a0\u00bb global_colors_info=\u00a0\u00bb{}\u00a0\u00bb][et_pb_column type=\u00a0\u00bb4_4&Prime; _builder_version=\u00a0\u00bb4.16&Prime; custom_padding=\u00a0\u00bb|||\u00a0\u00bb global_colors_info=\u00a0\u00bb{}\u00a0\u00bb custom_padding__hover=\u00a0\u00bb|||\u00a0\u00bb][et_pb_text admin_label=\u00a0\u00bbQui sommes-nous\u00a0\u00bb module_id=\u00a0\u00bbqui\u00a0\u00bb _builder_version=\u00a0\u00bb4.17.6&Prime; global_colors_info=\u00a0\u00bb{}\u00a0\u00bb]<\/p>\n<h3>Qui sommes-nous ?<\/h3>\n<p>Apr\u00e8s avoir cr\u00e9\u00e9 et dirig\u00e9 en France plusieurs entreprises, Claude Gourlaouen a rejoint la Su\u00e8de en 2015.<br \/>Apr\u00e8s avoir appris le su\u00e9dois, il suit pendant 2 ans des cours de comptabilit\u00e9 et de fiscalit\u00e9 \u00e0 l\u2019IHM Business School de G\u00f6teborg.<br \/>En 2018, il cr\u00e9e Digitalix, cabinet d\u2019expertise comptable qui, se dotant des meilleurs outils disponibles sur le march\u00e9 scandinave, fait partie des \u201dRedovisningsbyr\u00e5\u201d qui participent \u00e0 la transformation num\u00e9rique de la profession.<\/p>\n<p>[\/et_pb_text][et_pb_divider _builder_version=\u00a0\u00bb4.16&Prime; global_colors_info=\u00a0\u00bb{}\u00a0\u00bb][\/et_pb_divider][et_pb_contact_form email=\u00a0\u00bbcl.gourlaouen@gmail.com\u00a0\u00bb title=\u00a0\u00bbContact\u00a0\u00bb success_message=\u00a0\u00bbMerci pour votre email. Nous vous contactons tout prochainement.\u00a0\u00bb submit_button_text=\u00a0\u00bbEnvoyer\u00a0\u00bb admin_label=\u00a0\u00bbFormulaire contact\u00a0\u00bb module_id=\u00a0\u00bbcontact\u00a0\u00bb _builder_version=\u00a0\u00bb4.16&Prime; _unique_id=\u00a0\u00bb9ee6fcb9-1c01-4936-b7a3-649d81f1e7c4&Prime; global_colors_info=\u00a0\u00bb{}\u00a0\u00bb][et_pb_contact_field field_id=\u00a0\u00bbNom\u00a0\u00bb field_title=\u00a0\u00bbNom\u00a0\u00bb _builder_version=\u00a0\u00bb4.16&Prime; global_colors_info=\u00a0\u00bb{}\u00a0\u00bb][\/et_pb_contact_field][et_pb_contact_field field_id=\u00a0\u00bbEmail\u00a0\u00bb field_title=\u00a0\u00bbAdresse email\u00a0\u00bb field_type=\u00a0\u00bbemail\u00a0\u00bb _builder_version=\u00a0\u00bb4.16&Prime; global_colors_info=\u00a0\u00bb{}\u00a0\u00bb][\/et_pb_contact_field][et_pb_contact_field field_id=\u00a0\u00bbMessage\u00a0\u00bb field_title=\u00a0\u00bbMessage\u00a0\u00bb field_type=\u00a0\u00bbtext\u00a0\u00bb fullwidth_field=\u00a0\u00bbon\u00a0\u00bb _builder_version=\u00a0\u00bb4.16&Prime; global_colors_info=\u00a0\u00bb{}\u00a0\u00bb][\/et_pb_contact_field][\/et_pb_contact_form][\/et_pb_column][\/et_pb_row][\/et_pb_section]<\/p>\n","protected":false},"excerpt":{"rendered":"<p>Prix forfaitaire Digitalix Un cabinet d\u2019expertise comptable su\u00e9dois qui : Est actif sur toute la Su\u00e8de Travaille \u00e0 plus de\u00a050% pour des clients fran\u00e7ais install\u00e9s en Su\u00e8de S\u2019adresse aux entreprises de tous types : aktiebolag, enskild firma, &#8230; Utilise les outils les plus performants disponibles sur le march\u00e9 Propose un large \u00e9ventail de prestations : [&hellip;]<\/p>\n","protected":false},"author":1,"featured_media":0,"parent":0,"menu_order":0,"comment_status":"closed","ping_status":"closed","template":"","meta":{"_et_pb_use_builder":"on","_et_pb_old_content":"<p>Digitalix \u00e4r en digitaliserad redovisningsbyr\u00e5 baserad i G\u00f6teborg. Vi v\u00e4nder oss till sm\u00e5 f\u00f6retag i alla bolagsformer: AB, handelsbolag, enskild firma eller ekonomisk f\u00f6rening.<\/p>","_et_gb_content_width":"","footnotes":""},"class_list":["post-69","page","type-page","status-publish","hentry"],"_links":{"self":[{"href":"https:\/\/digitalix.se\/fr\/wp-json\/wp\/v2\/pages\/69","targetHints":{"allow":["GET"]}}],"collection":[{"href":"https:\/\/digitalix.se\/fr\/wp-json\/wp\/v2\/pages"}],"about":[{"href":"https:\/\/digitalix.se\/fr\/wp-json\/wp\/v2\/types\/page"}],"author":[{"embeddable":true,"href":"https:\/\/digitalix.se\/fr\/wp-json\/wp\/v2\/users\/1"}],"replies":[{"embeddable":true,"href":"https:\/\/digitalix.se\/fr\/wp-json\/wp\/v2\/comments?post=69"}],"version-history":[{"count":30,"href":"https:\/\/digitalix.se\/fr\/wp-json\/wp\/v2\/pages\/69\/revisions"}],"predecessor-version":[{"id":211,"href":"https:\/\/digitalix.se\/fr\/wp-json\/wp\/v2\/pages\/69\/revisions\/211"}],"wp:attachment":[{"href":"https:\/\/digitalix.se\/fr\/wp-json\/wp\/v2\/media?parent=69"}],"curies":[{"name":"wp","href":"https:\/\/api.w.org\/{rel}","templated":true}]}}